{"id":159,"date":"2023-04-25T12:00:23","date_gmt":"2023-04-25T17:00:23","guid":{"rendered":"https:\/\/munikelluyo.gob.pe\/portal\/?page_id=159"},"modified":"2025-05-14T14:00:21","modified_gmt":"2025-05-14T19:00:21","slug":"ordenanza-municipal","status":"publish","type":"page","link":"https:\/\/munikelluyo.gob.pe\/portal\/transparencia\/normas-municipales\/ordenanza-municipal\/","title":{"rendered":"Ordenanzas Municipales"},"content":{"rendered":"<section class=\"wpb-content-wrapper\">[vc_section][vc_row][vc_column][vc_row_inner][vc_column_inner el_class=\u00bbin-wrap\u00bb width=\u00bb2\/3&#8243;][vc_custom_heading source=\u00bbpost_title\u00bb font_container=\u00bbtag:h1|text_align:left\u00bb use_theme_fonts=\u00bbyes\u00bb][vc_text_separator title=\u00bbx\u00bb title_align=\u00bbseparator_align_left\u00bb color=\u00bbgreen\u00bb css=\u00bb.vc_custom_1682451890064{margin-bottom: 30px !important;}\u00bb][vc_column_text css=\u00bb.vc_custom_1728316491128{margin-bottom: 30px !important;}\u00bb]Una Ordenanza es un acto normativo a trav\u00e9s del cual se expresa el Concejo Municipal para el gobierno de su respectiva secci\u00f3n de Distrito en temas que revisten inter\u00e9s general y permanente para la poblaci\u00f3n y cuya aplicaci\u00f3n y cumplimiento es de car\u00e1cter obligatorio desde su publicaci\u00f3n.[\/vc_column_text][vc_column_text]\n<table id=\"tablepress-7\" class=\"tablepress tablepress-id-7\">\n<thead>\n<tr class=\"row-1 odd\">\n\t<th colspan=\"4\" class=\"column-1\">ORDENANZAS MUNICIPALES 2025<\/th>\n<\/tr>\n<\/thead>\n<tbody class=\"row-hover\">\n<tr class=\"row-2 even\">\n\t<td class=\"column-1\">02.<\/td><td class=\"column-2\">22\/04\/2025<\/td><td class=\"column-3\">Ordenanza Municipal N\u00b0 007-2025-MDK\/A<\/td><td class=\"column-4\"><p style=\"text-align: center;\"><a href=\"https:\/\/munikelluyo.gob.pe\/portal\/wp-content\/uploads\/2025\/09\/ORDENANZA-MUNICIPAL-N\u00b0-007-2025-MDK-A-1.pdf\" target=\"_blank\" rel=\"noopener\">Descargar<\/a><\/p><\/td>\n<\/tr>\n<tr class=\"row-3 odd\">\n\t<td class=\"column-1\">01.<\/td><td class=\"column-2\">22\/04\/2025<\/td><td class=\"column-3\">Ordenanza Municipal N\u00b0 004-2025-MDK\/A<\/td><td class=\"column-4\"><p style=\"text-align: center;\"><a href=\"https:\/\/munikelluyo.gob.pe\/portal\/wp-content\/uploads\/2025\/05\/ORDENANZA-MUNICIPAL-No004-2025-MDK-PRIMERA-AUDIENCI.pdf\" target=\"_blank\" rel=\"noopener\">Descargar<\/a><\/p><\/td>\n<\/tr>\n<tr class=\"row-4 even\">\n\t<td class=\"column-1\"><\/td><td class=\"column-2\"><\/td><td class=\"column-3\"><\/td><td class=\"column-4\"><\/td>\n<\/tr>\n<\/tbody>\n<\/table>\n<!-- #tablepress-7 from cache -->[\/vc_column_text][vc_column_text]\n<table id=\"tablepress-3\" class=\"tablepress tablepress-id-3\">\n<thead>\n<tr class=\"row-1 odd\">\n\t<th colspan=\"4\" class=\"column-1\">ORDENANZAS MUNICIPALES 2024<\/th>\n<\/tr>\n<\/thead>\n<tbody class=\"row-hover\">\n<tr class=\"row-2 even\">\n\t<td class=\"column-1\">03.<\/td><td class=\"column-2\">19\/12\/2024<\/td><td class=\"column-3\">Ordenanza Municipal N\u00b0 006-2024-MDK\/A<\/td><td class=\"column-4\"><p style=\"text-align: center;\"><a href=\"https:\/\/munikelluyo.gob.pe\/portal\/wp-content\/uploads\/2024\/12\/CamScanner-30-12-2024-14.48-1.pdf\" target=\"_blank\" rel=\"noopener\">Descargar<\/a><\/p><\/td>\n<\/tr>\n<tr class=\"row-3 odd\">\n\t<td class=\"column-1\">02.<\/td><td class=\"column-2\">19\/12\/2024<\/td><td class=\"column-3\">Ordenanza Municipal N\u00b0 005-2024-MDK\/A<\/td><td class=\"column-4\"><p style=\"text-align: center;\"><a href=\"https:\/\/munikelluyo.gob.pe\/portal\/wp-content\/uploads\/2024\/12\/ORDENANZA-MUNICIPAL-N\u00b0-005-2024-MDK-A-KELLUYO-2.pdf\" target=\"_blank\" rel=\"noopener\">Descargar<\/a><\/p><\/td>\n<\/tr>\n<tr class=\"row-4 even\">\n\t<td class=\"column-1\">01.<\/td><td class=\"column-2\">05\/09\/2024<\/td><td class=\"column-3\">Ordenanza Municipal N\u00b0 003-2024-MDK\/A<\/td><td class=\"column-4\"><p style=\"text-align: center;\"><a href=\"https:\/\/munikelluyo.gob.pe\/portal\/wp-content\/uploads\/2024\/10\/ORDENANZA-MUNICIPAL-003-2024.pdf\" target=\"_blank\" rel=\"noopener\">Descargar<\/a><\/p><\/td>\n<\/tr>\n<tr class=\"row-5 odd\">\n\t<td class=\"column-1\"><\/td><td class=\"column-2\"><\/td><td class=\"column-3\"><\/td><td class=\"column-4\"><\/td>\n<\/tr>\n<\/tbody>\n<\/table>\n<!-- #tablepress-3 from cache -->[\/vc_column_text][vc_column_text]\r\n<table class=\"table table-bordered table-green\" style=\"width: 98.3202%; border-collapse: collapse; height: 66px;\">\r\n<thead>\r\n<tr style=\"height: 22px;\">\r\n<th style=\"width: 6.50242%; height: 22px;\">N\u00ba<\/th>\r\n<th style=\"width: 14.4231%; height: 22px;\">Fecha<\/th>\r\n<th style=\"width: 67.6699%; text-align: left; height: 22px;\">Documento<\/th>\r\n<th style=\"width: 11.4046%; height: 22px;\">Adjunto<\/th>\r\n<\/tr>\r\n<\/thead>\r\n<tbody>\r\n<tr style=\"height: 22px;\">\r\n<td style=\"width: 6.50242%; text-align: center; height: 22px;\">1<\/td>\r\n<td style=\"width: 14.4231%; text-align: center; height: 22px;\">29\/03\/2023<\/td>\r\n<td style=\"width: 67.6699%; height: 22px;\">Ordenanza\u00a0 Municipal\u00a0 N\u00b0001-2023-MDK\/CM<\/td>\r\n<td style=\"width: 11.4046%; text-align: center; height: 22px;\"><a href=\"https:\/\/munikelluyo.gob.pe\/portal\/wp-content\/uploads\/2023\/04\/Ordenanza.Municipal.N\u00b0001-2023-mdkCM.pdf\" target=\"_blank\" rel=\"noopener\">Descargar<\/a><\/td>\r\n<\/tr>\r\n<tr style=\"height: 22px;\">\r\n<td style=\"width: 6.50242%; text-align: center; height: 22px;\">2<\/td>\r\n<td style=\"width: 14.4231%; text-align: center; height: 22px;\">29\/03\/2023<\/td>\r\n<td style=\"width: 67.6699%; height: 22px;\">Ordenanza Municipal N\u00b0002-2023-MDK\/CM<\/td>\r\n<td style=\"width: 11.4046%; text-align: center; height: 22px;\"><a href=\"https:\/\/munikelluyo.gob.pe\/portal\/wp-content\/uploads\/2023\/04\/Ordenanza.Municipal.N\u00b0002-2023-MDK.pdf\" target=\"_blank\" rel=\"noopener\">Descargar<\/a><\/td>\r\n<\/tr>\r\n<tr>\r\n<td style=\"width: 6.50242%; text-align: center;\">3<\/td>\r\n<td style=\"width: 14.4231%; text-align: center;\">19\/04\/2023<\/td>\r\n<td style=\"width: 67.6699%;\">Ordenanza Municipal N\u00b0003-2023-MDK\/CM<\/td>\r\n<td style=\"width: 11.4046%; text-align: center;\"><a href=\"https:\/\/munikelluyo.gob.pe\/portal\/wp-content\/uploads\/2023\/04\/Ordenanza.Municipal.N\u00b0003-2023-MDK.pdf\" target=\"_blank\" rel=\"noopener\">Descargar<\/a><\/td>\r\n<\/tr>\r\n<tr>\r\n<td style=\"width: 6.50242%; text-align: center;\">4<\/td>\r\n<td style=\"width: 14.4231%; text-align: center;\">21\/06\/2023<\/td>\r\n<td style=\"width: 67.6699%;\">Ordenanza Municipal N\u00b0004-2023-MDK\/CM<\/td>\r\n<td style=\"width: 11.4046%; text-align: center;\"><a href=\"https:\/\/munikelluyo.gob.pe\/portal\/wp-content\/uploads\/2023\/06\/ORDENANZA-1.pdf\">Descargar<\/a><\/td>\r\n<\/tr>\r\n<\/tbody>\r\n<\/table>\r\n[\/vc_column_text][\/vc_column_inner][vc_column_inner el_class=\u00bbsidebar\u00bb width=\u00bb1\/3&#8243;][vc_widget_sidebar sidebar_id=\u00bbwidget-wsidebar\u00bb][\/vc_column_inner][\/vc_row_inner][\/vc_column][\/vc_row][\/vc_section]<\/section>","protected":false},"excerpt":{"rendered":"[vc_section][vc_row][vc_column][vc_row_inner][vc_column_inner el_class=\u00bbin-wrap\u00bb width=\u00bb2\/3&#8243;][vc_custom_heading source=\u00bbpost_title\u00bb font_container=\u00bbtag:h1|text_align:left\u00bb use_theme_fonts=\u00bbyes\u00bb][vc_text_separator title=\u00bbx\u00bb title_align=\u00bbseparator_align_left\u00bb color=\u00bbgreen\u00bb css=\u00bb.vc_custom_1682451890064{margin-bottom: 30px !important;}\u00bb][vc_column_text css=\u00bb.vc_custom_1728316491128{margin-bottom: 30px !important;}\u00bb]Una Ordenanza es un acto normativo a trav\u00e9s del cual se expresa el Concejo Municipal para el gobierno de su respectiva secci\u00f3n de Distrito en temas que revisten inter\u00e9s general y permanente para la poblaci\u00f3n y cuya aplicaci\u00f3n y cumplimiento es [&hellip;]","protected":false},"author":2,"featured_media":0,"parent":161,"menu_order":1,"comment_status":"closed","ping_status":"closed","template":"","meta":{"footnotes":""},"class_list":["post-159","page","type-page","status-publish","hentry"],"yoast_head":"<!-- This site is optimized with the Yoast SEO plugin v20.6 - https:\/\/yoast.com\/wordpress\/plugins\/seo\/ -->\n<title>Ordenanzas Municipales - MUNICIPALIDAD DE KELLUYO<\/title>\n<meta name=\"robots\" content=\"index, follow, max-snippet:-1, max-image-preview:large, max-video-preview:-1\" \/>\n<link rel=\"canonical\" href=\"https:\/\/munikelluyo.gob.pe\/portal\/transparencia\/normas-municipales\/ordenanza-municipal\/\" \/>\n<meta property=\"og:locale\" content=\"es_ES\" \/>\n<meta property=\"og:type\" content=\"article\" \/>\n<meta property=\"og:title\" content=\"Ordenanzas Municipales - MUNICIPALIDAD DE KELLUYO\" \/>\n<meta property=\"og:description\" content=\"[vc_section][vc_row][vc_column][vc_row_inner][vc_column_inner el_class=\u00bbin-wrap\u00bb width=\u00bb2\/3&#8243;][vc_custom_heading source=\u00bbpost_title\u00bb font_container=\u00bbtag:h1|text_align:left\u00bb use_theme_fonts=\u00bbyes\u00bb][vc_text_separator title=\u00bbx\u00bb title_align=\u00bbseparator_align_left\u00bb color=\u00bbgreen\u00bb css=\u00bb.vc_custom_1682451890064{margin-bottom: 30px !important;}\u00bb][vc_column_text css=\u00bb.vc_custom_1728316491128{margin-bottom: 30px !important;}\u00bb]Una Ordenanza es un acto normativo a trav\u00e9s del cual se expresa el Concejo Municipal para el gobierno de su respectiva secci\u00f3n de Distrito en temas que revisten inter\u00e9s general y permanente para la poblaci\u00f3n y cuya aplicaci\u00f3n y cumplimiento es [&hellip;]\" \/>\n<meta property=\"og:url\" content=\"https:\/\/munikelluyo.gob.pe\/portal\/transparencia\/normas-municipales\/ordenanza-municipal\/\" \/>\n<meta property=\"og:site_name\" content=\"MUNICIPALIDAD DE KELLUYO\" \/>\n<meta property=\"article:modified_time\" content=\"2025-05-14T19:00:21+00:00\" \/>\n<meta name=\"twitter:card\" content=\"summary_large_image\" \/>\n<meta name=\"twitter:label1\" content=\"Tiempo de lectura\" \/>\n\t<meta name=\"twitter:data1\" content=\"1 minuto\" \/>\n<script type=\"application\/ld+json\" class=\"yoast-schema-graph\">{\"@context\":\"https:\/\/schema.org\",\"@graph\":[{\"@type\":\"WebPage\",\"@id\":\"https:\/\/munikelluyo.gob.pe\/portal\/transparencia\/normas-municipales\/ordenanza-municipal\/\",\"url\":\"https:\/\/munikelluyo.gob.pe\/portal\/transparencia\/normas-municipales\/ordenanza-municipal\/\",\"name\":\"Ordenanzas Municipales - MUNICIPALIDAD DE KELLUYO\",\"isPartOf\":{\"@id\":\"https:\/\/munikelluyo.gob.pe\/portal\/#website\"},\"datePublished\":\"2023-04-25T17:00:23+00:00\",\"dateModified\":\"2025-05-14T19:00:21+00:00\",\"breadcrumb\":{\"@id\":\"https:\/\/munikelluyo.gob.pe\/portal\/transparencia\/normas-municipales\/ordenanza-municipal\/#breadcrumb\"},\"inLanguage\":\"es\",\"potentialAction\":[{\"@type\":\"ReadAction\",\"target\":[\"https:\/\/munikelluyo.gob.pe\/portal\/transparencia\/normas-municipales\/ordenanza-municipal\/\"]}]},{\"@type\":\"BreadcrumbList\",\"@id\":\"https:\/\/munikelluyo.gob.pe\/portal\/transparencia\/normas-municipales\/ordenanza-municipal\/#breadcrumb\",\"itemListElement\":[{\"@type\":\"ListItem\",\"position\":1,\"name\":\"Portada\",\"item\":\"https:\/\/munikelluyo.gob.pe\/portal\/\"},{\"@type\":\"ListItem\",\"position\":2,\"name\":\"Transparencia Municipal\",\"item\":\"https:\/\/munikelluyo.gob.pe\/portal\/transparencia\/\"},{\"@type\":\"ListItem\",\"position\":3,\"name\":\"Normas Municipales\",\"item\":\"https:\/\/munikelluyo.gob.pe\/portal\/transparencia\/normas-municipales\/\"},{\"@type\":\"ListItem\",\"position\":4,\"name\":\"Ordenanzas Municipales\"}]},{\"@type\":\"WebSite\",\"@id\":\"https:\/\/munikelluyo.gob.pe\/portal\/#website\",\"url\":\"https:\/\/munikelluyo.gob.pe\/portal\/\",\"name\":\"MUNICIPALIDAD DE KELLUYO\",\"description\":\"\",\"publisher\":{\"@id\":\"https:\/\/munikelluyo.gob.pe\/portal\/#organization\"},\"potentialAction\":[{\"@type\":\"SearchAction\",\"target\":{\"@type\":\"EntryPoint\",\"urlTemplate\":\"https:\/\/munikelluyo.gob.pe\/portal\/?s={search_term_string}\"},\"query-input\":\"required name=search_term_string\"}],\"inLanguage\":\"es\"},{\"@type\":\"Organization\",\"@id\":\"https:\/\/munikelluyo.gob.pe\/portal\/#organization\",\"name\":\"MUNICIPALIDAD DE KELLUYO\",\"url\":\"https:\/\/munikelluyo.gob.pe\/portal\/\",\"logo\":{\"@type\":\"ImageObject\",\"inLanguage\":\"es\",\"@id\":\"https:\/\/munikelluyo.gob.pe\/portal\/#\/schema\/logo\/image\/\",\"url\":\"https:\/\/munikelluyo.gob.pe\/portal\/wp-content\/uploads\/2023\/03\/escudo-kelluyo.png\",\"contentUrl\":\"https:\/\/munikelluyo.gob.pe\/portal\/wp-content\/uploads\/2023\/03\/escudo-kelluyo.png\",\"width\":512,\"height\":512,\"caption\":\"MUNICIPALIDAD DE KELLUYO\"},\"image\":{\"@id\":\"https:\/\/munikelluyo.gob.pe\/portal\/#\/schema\/logo\/image\/\"}}]}<\/script>\n<!-- \/ Yoast SEO plugin. -->","yoast_head_json":{"title":"Ordenanzas Municipales - MUNICIPALIDAD DE KELLUYO","robots":{"index":"index","follow":"follow","max-snippet":"max-snippet:-1","max-image-preview":"max-image-preview:large","max-video-preview":"max-video-preview:-1"},"canonical":"https:\/\/munikelluyo.gob.pe\/portal\/transparencia\/normas-municipales\/ordenanza-municipal\/","og_locale":"es_ES","og_type":"article","og_title":"Ordenanzas Municipales - MUNICIPALIDAD DE KELLUYO","og_description":"[vc_section][vc_row][vc_column][vc_row_inner][vc_column_inner el_class=\u00bbin-wrap\u00bb width=\u00bb2\/3&#8243;][vc_custom_heading source=\u00bbpost_title\u00bb font_container=\u00bbtag:h1|text_align:left\u00bb use_theme_fonts=\u00bbyes\u00bb][vc_text_separator title=\u00bbx\u00bb title_align=\u00bbseparator_align_left\u00bb color=\u00bbgreen\u00bb css=\u00bb.vc_custom_1682451890064{margin-bottom: 30px !important;}\u00bb][vc_column_text css=\u00bb.vc_custom_1728316491128{margin-bottom: 30px !important;}\u00bb]Una Ordenanza es un acto normativo a trav\u00e9s del cual se expresa el Concejo Municipal para el gobierno de su respectiva secci\u00f3n de Distrito en temas que revisten inter\u00e9s general y permanente para la poblaci\u00f3n y cuya aplicaci\u00f3n y cumplimiento es [&hellip;]","og_url":"https:\/\/munikelluyo.gob.pe\/portal\/transparencia\/normas-municipales\/ordenanza-municipal\/","og_site_name":"MUNICIPALIDAD DE KELLUYO","article_modified_time":"2025-05-14T19:00:21+00:00","twitter_card":"summary_large_image","twitter_misc":{"Tiempo de lectura":"1 minuto"},"schema":{"@context":"https:\/\/schema.org","@graph":[{"@type":"WebPage","@id":"https:\/\/munikelluyo.gob.pe\/portal\/transparencia\/normas-municipales\/ordenanza-municipal\/","url":"https:\/\/munikelluyo.gob.pe\/portal\/transparencia\/normas-municipales\/ordenanza-municipal\/","name":"Ordenanzas Municipales - MUNICIPALIDAD DE KELLUYO","isPartOf":{"@id":"https:\/\/munikelluyo.gob.pe\/portal\/#website"},"datePublished":"2023-04-25T17:00:23+00:00","dateModified":"2025-05-14T19:00:21+00:00","breadcrumb":{"@id":"https:\/\/munikelluyo.gob.pe\/portal\/transparencia\/normas-municipales\/ordenanza-municipal\/#breadcrumb"},"inLanguage":"es","potentialAction":[{"@type":"ReadAction","target":["https:\/\/munikelluyo.gob.pe\/portal\/transparencia\/normas-municipales\/ordenanza-municipal\/"]}]},{"@type":"BreadcrumbList","@id":"https:\/\/munikelluyo.gob.pe\/portal\/transparencia\/normas-municipales\/ordenanza-municipal\/#breadcrumb","itemListElement":[{"@type":"ListItem","position":1,"name":"Portada","item":"https:\/\/munikelluyo.gob.pe\/portal\/"},{"@type":"ListItem","position":2,"name":"Transparencia Municipal","item":"https:\/\/munikelluyo.gob.pe\/portal\/transparencia\/"},{"@type":"ListItem","position":3,"name":"Normas Municipales","item":"https:\/\/munikelluyo.gob.pe\/portal\/transparencia\/normas-municipales\/"},{"@type":"ListItem","position":4,"name":"Ordenanzas Municipales"}]},{"@type":"WebSite","@id":"https:\/\/munikelluyo.gob.pe\/portal\/#website","url":"https:\/\/munikelluyo.gob.pe\/portal\/","name":"MUNICIPALIDAD DE KELLUYO","description":"","publisher":{"@id":"https:\/\/munikelluyo.gob.pe\/portal\/#organization"},"potentialAction":[{"@type":"SearchAction","target":{"@type":"EntryPoint","urlTemplate":"https:\/\/munikelluyo.gob.pe\/portal\/?s={search_term_string}"},"query-input":"required name=search_term_string"}],"inLanguage":"es"},{"@type":"Organization","@id":"https:\/\/munikelluyo.gob.pe\/portal\/#organization","name":"MUNICIPALIDAD DE KELLUYO","url":"https:\/\/munikelluyo.gob.pe\/portal\/","logo":{"@type":"ImageObject","inLanguage":"es","@id":"https:\/\/munikelluyo.gob.pe\/portal\/#\/schema\/logo\/image\/","url":"https:\/\/munikelluyo.gob.pe\/portal\/wp-content\/uploads\/2023\/03\/escudo-kelluyo.png","contentUrl":"https:\/\/munikelluyo.gob.pe\/portal\/wp-content\/uploads\/2023\/03\/escudo-kelluyo.png","width":512,"height":512,"caption":"MUNICIPALIDAD DE KELLUYO"},"image":{"@id":"https:\/\/munikelluyo.gob.pe\/portal\/#\/schema\/logo\/image\/"}}]}},"_links":{"self":[{"href":"https:\/\/munikelluyo.gob.pe\/portal\/wp-json\/wp\/v2\/pages\/159","targetHints":{"allow":["GET"]}}],"collection":[{"href":"https:\/\/munikelluyo.gob.pe\/portal\/wp-json\/wp\/v2\/pages"}],"about":[{"href":"https:\/\/munikelluyo.gob.pe\/portal\/wp-json\/wp\/v2\/types\/page"}],"author":[{"embeddable":true,"href":"https:\/\/munikelluyo.gob.pe\/portal\/wp-json\/wp\/v2\/users\/2"}],"replies":[{"embeddable":true,"href":"https:\/\/munikelluyo.gob.pe\/portal\/wp-json\/wp\/v2\/comments?post=159"}],"version-history":[{"count":2,"href":"https:\/\/munikelluyo.gob.pe\/portal\/wp-json\/wp\/v2\/pages\/159\/revisions"}],"predecessor-version":[{"id":363,"href":"https:\/\/munikelluyo.gob.pe\/portal\/wp-json\/wp\/v2\/pages\/159\/revisions\/363"}],"up":[{"embeddable":true,"href":"https:\/\/munikelluyo.gob.pe\/portal\/wp-json\/wp\/v2\/pages\/161"}],"wp:attachment":[{"href":"https:\/\/munikelluyo.gob.pe\/portal\/wp-json\/wp\/v2\/media?parent=159"}],"curies":[{"name":"wp","href":"https:\/\/api.w.org\/{rel}","templated":true}]}}