{"id":165,"date":"2023-04-25T15:00:41","date_gmt":"2023-04-25T20:00:41","guid":{"rendered":"https:\/\/munikelluyo.gob.pe\/portal\/?page_id=165"},"modified":"2023-04-26T15:08:05","modified_gmt":"2023-04-26T20:08:05","slug":"resoluciones","status":"publish","type":"page","link":"https:\/\/munikelluyo.gob.pe\/portal\/transparencia\/normas-municipales\/resoluciones\/","title":{"rendered":"Resoluciones de Concejo"},"content":{"rendered":"<section class=\"wpb-content-wrapper\">[vc_section][vc_row][vc_column][vc_row_inner][vc_column_inner el_class=\u00bbin-wrap\u00bb width=\u00bb2\/3&#8243;][vc_custom_heading source=\u00bbpost_title\u00bb font_container=\u00bbtag:h1|text_align:left\u00bb use_theme_fonts=\u00bbyes\u00bb][vc_text_separator title=\u00bbx\u00bb title_align=\u00bbseparator_align_left\u00bb color=\u00bbgreen\u00bb css=\u00bb.vc_custom_1682451890064{margin-bottom: 30px !important;}\u00bb][vc_column_text]\r\n<table class=\"table table-bordered table-green\" style=\"width: 100%; border-collapse: collapse;\">\r\n<thead>\r\n<tr>\r\n<th style=\"width: 4.30129%; text-align: center;\">N\u00ba<\/th>\r\n<th style=\"width: 4.30129%; text-align: center;\">Fecha<\/th>\r\n<th style=\"width: 53.0291%; text-align: left;\">Documento<\/th>\r\n<th style=\"width: 13.3683%;\">Adjunto<\/th>\r\n<\/tr>\r\n<\/thead>\r\n<tbody>\r\n<tr>\r\n<td style=\"width: 4.30129%; text-align: center;\">1<\/td>\r\n<td style=\"width: 4.30129%; text-align: center;\">23\/03\/2023<\/td>\r\n<td style=\"width: 53.0291%;\">Resoluci\u00f3n de Alcald\u00eda No 023-2023-MDK\/A<\/td>\r\n<td style=\"width: 13.3683%; text-align: center;\"><a href=\"https:\/\/munikelluyo.gob.pe\/portal\/wp-content\/uploads\/2023\/04\/Resolucion_de_Alcaldia_No_023-2023-MDK-A.pdf\" target=\"_blank\" rel=\"noopener\">Descargar<\/a><\/td>\r\n<\/tr>\r\n<tr>\r\n<td style=\"width: 4.30129%; text-align: center;\">2<\/td>\r\n<td style=\"width: 4.30129%; text-align: center;\">28\/12\/2022<\/td>\r\n<td style=\"width: 53.0291%;\">Resoluci\u00f3n de Aprobaci\u00f3n de Exp. T\u00e9cnico &#8211; Arconuma San Francisco<\/td>\r\n<td style=\"width: 13.3683%; text-align: center;\"><a href=\"https:\/\/munikelluyo.gob.pe\/portal\/wp-content\/uploads\/2023\/04\/Resolucion-de-Aprobacion-de-Exp-Tecnico-Arconuma-San-Francisco.pdf\" target=\"_blank\" rel=\"noopener\">Descargar<\/a><\/td>\r\n<\/tr>\r\n<\/tbody>\r\n<\/table>\r\n<div id=\"simple-translate\" class=\"simple-translate-system-theme\">\r\n<div>\r\n<div class=\"simple-translate-button isShow\" style=\"background-image: url('moz-extension:\/\/3817ddc1-4e23-47d8-8f15-40d76bf50e2d\/icons\/512.png'); height: 22px; width: 22px; top: 42px; left: 266px;\"><\/div>\r\n<div class=\"simple-translate-panel \" style=\"width: 300px; height: 200px; top: 0px; left: 0px; font-size: 13px;\">\r\n<div class=\"simple-translate-result-wrapper\" style=\"overflow: hidden;\">\r\n<div class=\"simple-translate-move\" draggable=\"true\"><\/div>\r\n<div class=\"simple-translate-result-contents\">\r\n<p class=\"simple-translate-candidate\" dir=\"auto\"><\/p>\r\n\r\n<\/div>\r\n<\/div>\r\n<\/div>\r\n<\/div>\r\n<\/div>\r\n[\/vc_column_text][\/vc_column_inner][vc_column_inner el_class=\u00bbsidebar\u00bb width=\u00bb1\/3&#8243;][vc_widget_sidebar sidebar_id=\u00bbwidget-wsidebar\u00bb][\/vc_column_inner][\/vc_row_inner][\/vc_column][\/vc_row][\/vc_section]<\/section>","protected":false},"excerpt":{"rendered":"[vc_section][vc_row][vc_column][vc_row_inner][vc_column_inner el_class=\u00bbin-wrap\u00bb width=\u00bb2\/3&#8243;][vc_custom_heading source=\u00bbpost_title\u00bb font_container=\u00bbtag:h1|text_align:left\u00bb use_theme_fonts=\u00bbyes\u00bb][vc_text_separator title=\u00bbx\u00bb title_align=\u00bbseparator_align_left\u00bb color=\u00bbgreen\u00bb css=\u00bb.vc_custom_1682451890064{margin-bottom: 30px !important;}\u00bb][vc_column_text] N\u00ba Fecha Documento Adjunto 1 23\/03\/2023 Resoluci\u00f3n de Alcald\u00eda No 023-2023-MDK\/A Descargar 2 28\/12\/2022 Resoluci\u00f3n de Aprobaci\u00f3n de Exp. T\u00e9cnico &#8211; Arconuma San Francisco Descargar [\/vc_column_text][\/vc_column_inner][vc_column_inner el_class=\u00bbsidebar\u00bb width=\u00bb1\/3&#8243;][vc_widget_sidebar sidebar_id=\u00bbwidget-wsidebar\u00bb][\/vc_column_inner][\/vc_row_inner][\/vc_column][\/vc_row][\/vc_section]","protected":false},"author":2,"featured_media":0,"parent":161,"menu_order":2,"comment_status":"closed","ping_status":"closed","template":"","meta":{"footnotes":""},"class_list":["post-165","page","type-page","status-publish","hentry"],"yoast_head":"<!-- This site is optimized with the Yoast SEO plugin v20.6 - https:\/\/yoast.com\/wordpress\/plugins\/seo\/ -->\n<title>Resoluciones de Concejo - MUNICIPALIDAD DE KELLUYO<\/title>\n<meta name=\"robots\" content=\"index, follow, max-snippet:-1, max-image-preview:large, max-video-preview:-1\" \/>\n<link rel=\"canonical\" href=\"https:\/\/munikelluyo.gob.pe\/portal\/transparencia\/normas-municipales\/resoluciones\/\" \/>\n<meta property=\"og:locale\" content=\"es_ES\" \/>\n<meta property=\"og:type\" content=\"article\" \/>\n<meta property=\"og:title\" content=\"Resoluciones de Concejo - MUNICIPALIDAD DE KELLUYO\" \/>\n<meta property=\"og:description\" content=\"[vc_section][vc_row][vc_column][vc_row_inner][vc_column_inner el_class=\u00bbin-wrap\u00bb width=\u00bb2\/3&#8243;][vc_custom_heading source=\u00bbpost_title\u00bb font_container=\u00bbtag:h1|text_align:left\u00bb use_theme_fonts=\u00bbyes\u00bb][vc_text_separator title=\u00bbx\u00bb title_align=\u00bbseparator_align_left\u00bb color=\u00bbgreen\u00bb css=\u00bb.vc_custom_1682451890064{margin-bottom: 30px !important;}\u00bb][vc_column_text] N\u00ba Fecha Documento Adjunto 1 23\/03\/2023 Resoluci\u00f3n de Alcald\u00eda No 023-2023-MDK\/A Descargar 2 28\/12\/2022 Resoluci\u00f3n de Aprobaci\u00f3n de Exp. T\u00e9cnico &#8211; Arconuma San Francisco Descargar [\/vc_column_text][\/vc_column_inner][vc_column_inner el_class=\u00bbsidebar\u00bb width=\u00bb1\/3&#8243;][vc_widget_sidebar sidebar_id=\u00bbwidget-wsidebar\u00bb][\/vc_column_inner][\/vc_row_inner][\/vc_column][\/vc_row][\/vc_section]\" \/>\n<meta property=\"og:url\" content=\"https:\/\/munikelluyo.gob.pe\/portal\/transparencia\/normas-municipales\/resoluciones\/\" \/>\n<meta property=\"og:site_name\" content=\"MUNICIPALIDAD DE KELLUYO\" \/>\n<meta property=\"article:modified_time\" content=\"2023-04-26T20:08:05+00:00\" \/>\n<meta name=\"twitter:card\" content=\"summary_large_image\" \/>\n<meta name=\"twitter:label1\" content=\"Tiempo de lectura\" \/>\n\t<meta name=\"twitter:data1\" content=\"1 minuto\" \/>\n<script type=\"application\/ld+json\" class=\"yoast-schema-graph\">{\"@context\":\"https:\/\/schema.org\",\"@graph\":[{\"@type\":\"WebPage\",\"@id\":\"https:\/\/munikelluyo.gob.pe\/portal\/transparencia\/normas-municipales\/resoluciones\/\",\"url\":\"https:\/\/munikelluyo.gob.pe\/portal\/transparencia\/normas-municipales\/resoluciones\/\",\"name\":\"Resoluciones de Concejo - MUNICIPALIDAD DE KELLUYO\",\"isPartOf\":{\"@id\":\"https:\/\/munikelluyo.gob.pe\/portal\/#website\"},\"datePublished\":\"2023-04-25T20:00:41+00:00\",\"dateModified\":\"2023-04-26T20:08:05+00:00\",\"breadcrumb\":{\"@id\":\"https:\/\/munikelluyo.gob.pe\/portal\/transparencia\/normas-municipales\/resoluciones\/#breadcrumb\"},\"inLanguage\":\"es\",\"potentialAction\":[{\"@type\":\"ReadAction\",\"target\":[\"https:\/\/munikelluyo.gob.pe\/portal\/transparencia\/normas-municipales\/resoluciones\/\"]}]},{\"@type\":\"BreadcrumbList\",\"@id\":\"https:\/\/munikelluyo.gob.pe\/portal\/transparencia\/normas-municipales\/resoluciones\/#breadcrumb\",\"itemListElement\":[{\"@type\":\"ListItem\",\"position\":1,\"name\":\"Portada\",\"item\":\"https:\/\/munikelluyo.gob.pe\/portal\/\"},{\"@type\":\"ListItem\",\"position\":2,\"name\":\"Transparencia Municipal\",\"item\":\"https:\/\/munikelluyo.gob.pe\/portal\/transparencia\/\"},{\"@type\":\"ListItem\",\"position\":3,\"name\":\"Normas Municipales\",\"item\":\"https:\/\/munikelluyo.gob.pe\/portal\/transparencia\/normas-municipales\/\"},{\"@type\":\"ListItem\",\"position\":4,\"name\":\"Resoluciones de Concejo\"}]},{\"@type\":\"WebSite\",\"@id\":\"https:\/\/munikelluyo.gob.pe\/portal\/#website\",\"url\":\"https:\/\/munikelluyo.gob.pe\/portal\/\",\"name\":\"MUNICIPALIDAD DE KELLUYO\",\"description\":\"\",\"publisher\":{\"@id\":\"https:\/\/munikelluyo.gob.pe\/portal\/#organization\"},\"potentialAction\":[{\"@type\":\"SearchAction\",\"target\":{\"@type\":\"EntryPoint\",\"urlTemplate\":\"https:\/\/munikelluyo.gob.pe\/portal\/?s={search_term_string}\"},\"query-input\":\"required name=search_term_string\"}],\"inLanguage\":\"es\"},{\"@type\":\"Organization\",\"@id\":\"https:\/\/munikelluyo.gob.pe\/portal\/#organization\",\"name\":\"MUNICIPALIDAD DE KELLUYO\",\"url\":\"https:\/\/munikelluyo.gob.pe\/portal\/\",\"logo\":{\"@type\":\"ImageObject\",\"inLanguage\":\"es\",\"@id\":\"https:\/\/munikelluyo.gob.pe\/portal\/#\/schema\/logo\/image\/\",\"url\":\"https:\/\/munikelluyo.gob.pe\/portal\/wp-content\/uploads\/2023\/03\/escudo-kelluyo.png\",\"contentUrl\":\"https:\/\/munikelluyo.gob.pe\/portal\/wp-content\/uploads\/2023\/03\/escudo-kelluyo.png\",\"width\":512,\"height\":512,\"caption\":\"MUNICIPALIDAD DE KELLUYO\"},\"image\":{\"@id\":\"https:\/\/munikelluyo.gob.pe\/portal\/#\/schema\/logo\/image\/\"}}]}<\/script>\n<!-- \/ Yoast SEO plugin. -->","yoast_head_json":{"title":"Resoluciones de Concejo - MUNICIPALIDAD DE KELLUYO","robots":{"index":"index","follow":"follow","max-snippet":"max-snippet:-1","max-image-preview":"max-image-preview:large","max-video-preview":"max-video-preview:-1"},"canonical":"https:\/\/munikelluyo.gob.pe\/portal\/transparencia\/normas-municipales\/resoluciones\/","og_locale":"es_ES","og_type":"article","og_title":"Resoluciones de Concejo - MUNICIPALIDAD DE KELLUYO","og_description":"[vc_section][vc_row][vc_column][vc_row_inner][vc_column_inner el_class=\u00bbin-wrap\u00bb width=\u00bb2\/3&#8243;][vc_custom_heading source=\u00bbpost_title\u00bb font_container=\u00bbtag:h1|text_align:left\u00bb use_theme_fonts=\u00bbyes\u00bb][vc_text_separator title=\u00bbx\u00bb title_align=\u00bbseparator_align_left\u00bb color=\u00bbgreen\u00bb css=\u00bb.vc_custom_1682451890064{margin-bottom: 30px !important;}\u00bb][vc_column_text] N\u00ba Fecha Documento Adjunto 1 23\/03\/2023 Resoluci\u00f3n de Alcald\u00eda No 023-2023-MDK\/A Descargar 2 28\/12\/2022 Resoluci\u00f3n de Aprobaci\u00f3n de Exp. T\u00e9cnico &#8211; Arconuma San Francisco Descargar [\/vc_column_text][\/vc_column_inner][vc_column_inner el_class=\u00bbsidebar\u00bb width=\u00bb1\/3&#8243;][vc_widget_sidebar sidebar_id=\u00bbwidget-wsidebar\u00bb][\/vc_column_inner][\/vc_row_inner][\/vc_column][\/vc_row][\/vc_section]","og_url":"https:\/\/munikelluyo.gob.pe\/portal\/transparencia\/normas-municipales\/resoluciones\/","og_site_name":"MUNICIPALIDAD DE KELLUYO","article_modified_time":"2023-04-26T20:08:05+00:00","twitter_card":"summary_large_image","twitter_misc":{"Tiempo de lectura":"1 minuto"},"schema":{"@context":"https:\/\/schema.org","@graph":[{"@type":"WebPage","@id":"https:\/\/munikelluyo.gob.pe\/portal\/transparencia\/normas-municipales\/resoluciones\/","url":"https:\/\/munikelluyo.gob.pe\/portal\/transparencia\/normas-municipales\/resoluciones\/","name":"Resoluciones de Concejo - MUNICIPALIDAD DE KELLUYO","isPartOf":{"@id":"https:\/\/munikelluyo.gob.pe\/portal\/#website"},"datePublished":"2023-04-25T20:00:41+00:00","dateModified":"2023-04-26T20:08:05+00:00","breadcrumb":{"@id":"https:\/\/munikelluyo.gob.pe\/portal\/transparencia\/normas-municipales\/resoluciones\/#breadcrumb"},"inLanguage":"es","potentialAction":[{"@type":"ReadAction","target":["https:\/\/munikelluyo.gob.pe\/portal\/transparencia\/normas-municipales\/resoluciones\/"]}]},{"@type":"BreadcrumbList","@id":"https:\/\/munikelluyo.gob.pe\/portal\/transparencia\/normas-municipales\/resoluciones\/#breadcrumb","itemListElement":[{"@type":"ListItem","position":1,"name":"Portada","item":"https:\/\/munikelluyo.gob.pe\/portal\/"},{"@type":"ListItem","position":2,"name":"Transparencia Municipal","item":"https:\/\/munikelluyo.gob.pe\/portal\/transparencia\/"},{"@type":"ListItem","position":3,"name":"Normas Municipales","item":"https:\/\/munikelluyo.gob.pe\/portal\/transparencia\/normas-municipales\/"},{"@type":"ListItem","position":4,"name":"Resoluciones de Concejo"}]},{"@type":"WebSite","@id":"https:\/\/munikelluyo.gob.pe\/portal\/#website","url":"https:\/\/munikelluyo.gob.pe\/portal\/","name":"MUNICIPALIDAD DE KELLUYO","description":"","publisher":{"@id":"https:\/\/munikelluyo.gob.pe\/portal\/#organization"},"potentialAction":[{"@type":"SearchAction","target":{"@type":"EntryPoint","urlTemplate":"https:\/\/munikelluyo.gob.pe\/portal\/?s={search_term_string}"},"query-input":"required name=search_term_string"}],"inLanguage":"es"},{"@type":"Organization","@id":"https:\/\/munikelluyo.gob.pe\/portal\/#organization","name":"MUNICIPALIDAD DE KELLUYO","url":"https:\/\/munikelluyo.gob.pe\/portal\/","logo":{"@type":"ImageObject","inLanguage":"es","@id":"https:\/\/munikelluyo.gob.pe\/portal\/#\/schema\/logo\/image\/","url":"https:\/\/munikelluyo.gob.pe\/portal\/wp-content\/uploads\/2023\/03\/escudo-kelluyo.png","contentUrl":"https:\/\/munikelluyo.gob.pe\/portal\/wp-content\/uploads\/2023\/03\/escudo-kelluyo.png","width":512,"height":512,"caption":"MUNICIPALIDAD DE KELLUYO"},"image":{"@id":"https:\/\/munikelluyo.gob.pe\/portal\/#\/schema\/logo\/image\/"}}]}},"_links":{"self":[{"href":"https:\/\/munikelluyo.gob.pe\/portal\/wp-json\/wp\/v2\/pages\/165","targetHints":{"allow":["GET"]}}],"collection":[{"href":"https:\/\/munikelluyo.gob.pe\/portal\/wp-json\/wp\/v2\/pages"}],"about":[{"href":"https:\/\/munikelluyo.gob.pe\/portal\/wp-json\/wp\/v2\/types\/page"}],"author":[{"embeddable":true,"href":"https:\/\/munikelluyo.gob.pe\/portal\/wp-json\/wp\/v2\/users\/2"}],"replies":[{"embeddable":true,"href":"https:\/\/munikelluyo.gob.pe\/portal\/wp-json\/wp\/v2\/comments?post=165"}],"version-history":[{"count":0,"href":"https:\/\/munikelluyo.gob.pe\/portal\/wp-json\/wp\/v2\/pages\/165\/revisions"}],"up":[{"embeddable":true,"href":"https:\/\/munikelluyo.gob.pe\/portal\/wp-json\/wp\/v2\/pages\/161"}],"wp:attachment":[{"href":"https:\/\/munikelluyo.gob.pe\/portal\/wp-json\/wp\/v2\/media?parent=165"}],"curies":[{"name":"wp","href":"https:\/\/api.w.org\/{rel}","templated":true}]}}