{"id":2,"date":"2023-03-15T13:02:04","date_gmt":"2023-03-15T18:02:04","guid":{"rendered":"https:\/\/munikelluyo.gob.pe\/portal\/?page_id=2"},"modified":"2025-09-09T16:23:00","modified_gmt":"2025-09-09T21:23:00","slug":"inicio","status":"publish","type":"page","link":"https:\/\/munikelluyo.gob.pe\/portal\/","title":{"rendered":"Inicio"},"content":{"rendered":"<section class=\"wpb-content-wrapper\">[vc_row full_width=\u00bbstretch_row_content_no_spaces\u00bb][vc_column][csw_banner_slider animation=\u00bbcarousel-fade\u00bb][csw_banner_slider_child image=\u00bb430&#8243; btn_color=\u00bb#080e26&#8243;][\/csw_banner_slider_child][csw_banner_slider_child image=\u00bb371&#8243; btn_color=\u00bb#080e26&#8243;][\/csw_banner_slider_child][csw_banner_slider_child image=\u00bb25&#8243; title=\u00bbPLAZA DE ARMAS\u00bb btn_color=\u00bb#080e26&#8243;]Plaza principal del Distrito de Kelluyo[\/csw_banner_slider_child][csw_banner_slider_child image=\u00bb24&#8243; title=\u00bbCHULLPAS DE KELLUYO\u00bb btn_color=\u00bb#080e26&#8243;]Torres funerarias pre-incas, una de los principales atractivos tur\u00edsticos[\/csw_banner_slider_child][\/csw_banner_slider][\/vc_column][\/vc_row][vc_section][vc_row equal_height=\u00bbyes\u00bb content_placement=\u00bbmiddle\u00bb el_class=\u00bbcolumn-icons\u00bb][vc_column width=\u00bb1\/3&#8243; offset=\u00bbvc_col-lg-3&#8243;][csw_icon_picker icon_fontawesome=\u00bbfas fa-laptop-code\u00bb title=\u00bbMESA DE PARTES VIRTUAL\u00bb title_size=\u00bbh4&#8243; title_color=\u00bb#ffffff\u00bb link=\u00bburl:mailto%3Amesadepartesvirtual%40munikelluyo.gob.pe\u00bb css=\u00bb.vc_custom_1682539067522{margin-top: 10px !important;margin-bottom: 10px !important;border-top-width: 3px !important;border-right-width: 3px !important;border-bottom-width: 3px !important;border-left-width: 3px !important;padding-top: 10px !important;padding-right: 10px !important;padding-bottom: 10px !important;padding-left: 10px !important;background-color: #00a859 !important;border-left-color: #ffffff !important;border-left-style: solid !important;border-right-color: #ffffff !important;border-right-style: solid !important;border-top-color: #ffffff !important;border-top-style: solid !important;border-bottom-color: #ffffff !important;border-bottom-style: solid !important;border-radius: 10px !important;}\u00bb color=\u00bb#ffff00&#8243;][\/vc_column][vc_column width=\u00bb1\/3&#8243; offset=\u00bbvc_col-lg-3&#8243;][csw_icon_picker icon_fontawesome=\u00bbfas fa-id-card\u00bb title=\u00bbLICENCIAS DE FUNCIONAMIENTO\u00bb title_size=\u00bbh4&#8243; title_color=\u00bb#ffffff\u00bb link=\u00bburl:%23&#8243; css=\u00bb.vc_custom_1682015429436{margin-top: 10px !important;margin-bottom: 10px !important;border-top-width: 3px !important;border-right-width: 3px !important;border-bottom-width: 3px !important;border-left-width: 3px !important;padding-top: 10px !important;padding-right: 10px !important;padding-bottom: 10px !important;padding-left: 10px !important;background-color: #00A859 !important;border-left-color: #ffffff !important;border-left-style: solid !important;border-right-color: #ffffff !important;border-right-style: solid !important;border-top-color: #ffffff !important;border-top-style: solid !important;border-bottom-color: #ffffff !important;border-bottom-style: solid !important;border-radius: 10px !important;}\u00bb color=\u00bb#ffff00&#8243;][\/vc_column][vc_column width=\u00bb1\/3&#8243; offset=\u00bbvc_col-lg-3&#8243;][csw_icon_picker icon_fontawesome=\u00bbfas fa-book\u00bb title=\u00bbREGISTRO CIVIL\u00bb title_size=\u00bbh4&#8243; title_color=\u00bb#ffffff\u00bb link=\u00bburl:mailto%3Aregistrocivil%40munikelluyo.gob.pe\u00bb css=\u00bb.vc_custom_1682368179914{margin-top: 10px !important;margin-bottom: 10px !important;border-top-width: 3px !important;border-right-width: 3px !important;border-bottom-width: 3px !important;border-left-width: 3px !important;padding-top: 10px !important;padding-right: 10px !important;padding-bottom: 10px !important;padding-left: 10px !important;background-color: #00a859 !important;border-left-color: #ffffff !important;border-left-style: solid !important;border-right-color: #ffffff !important;border-right-style: solid !important;border-top-color: #ffffff !important;border-top-style: solid !important;border-bottom-color: #ffffff !important;border-bottom-style: solid !important;border-radius: 10px !important;}\u00bb color=\u00bb#ffff00&#8243;][\/vc_column][vc_column width=\u00bb1\/3&#8243; offset=\u00bbvc_col-lg-3&#8243;][csw_icon_picker icon_fontawesome=\u00bbfas fa-vote-yea\u00bb title=\u00bbTRIBUTOS MUNICIPALES\u00bb title_size=\u00bbh4&#8243; title_color=\u00bb#ffffff\u00bb link=\u00bburl:%23&#8243; css=\u00bb.vc_custom_1682015442828{margin-top: 10px !important;margin-bottom: 10px !important;border-top-width: 3px !important;border-right-width: 3px !important;border-bottom-width: 3px !important;border-left-width: 3px !important;padding-top: 10px !important;padding-right: 10px !important;padding-bottom: 10px !important;padding-left: 10px !important;background-color: #00A859 !important;border-left-color: #ffffff !important;border-left-style: solid !important;border-right-color: #ffffff !important;border-right-style: solid !important;border-top-color: #ffffff !important;border-top-style: solid !important;border-bottom-color: #ffffff !important;border-bottom-style: solid !important;border-radius: 10px !important;}\u00bb color=\u00bb#ffff00&#8243;][\/vc_column][vc_column width=\u00bb1\/3&#8243; offset=\u00bbvc_col-lg-3&#8243;][csw_icon_picker icon_fontawesome=\u00bbfas fa-file-alt\u00bb title=\u00bbTUPA\u00bb title_size=\u00bbh4&#8243; text=\u00bbTexto \u00danico de Procedimientos Administrativos\u00bb title_color=\u00bb#ffffff\u00bb link=\u00bburl:%23&#8243; css=\u00bb.vc_custom_1682015463199{margin-top: 10px !important;margin-bottom: 10px !important;border-top-width: 3px !important;border-right-width: 3px !important;border-bottom-width: 3px !important;border-left-width: 3px !important;padding-top: 10px !important;padding-right: 10px !important;padding-bottom: 10px !important;padding-left: 10px !important;background-color: #00A859 !important;border-left-color: #ffffff !important;border-left-style: solid !important;border-right-color: #ffffff !important;border-right-style: solid !important;border-top-color: #ffffff !important;border-top-style: solid !important;border-bottom-color: #ffffff !important;border-bottom-style: solid !important;border-radius: 10px !important;}\u00bb color=\u00bb#ffff00&#8243; text_color=\u00bb#efefef\u00bb][\/vc_column][vc_column width=\u00bb1\/3&#8243; offset=\u00bbvc_col-lg-3&#8243;][csw_icon_picker icon_fontawesome=\u00bbfas fa-hammer\u00bb title=\u00bbORDENANZAS MUNICIPALES\u00bb title_size=\u00bbh4&#8243; title_color=\u00bb#ffffff\u00bb link=\u00bburl:https%3A%2F%2Fmunikelluyo.gob.pe%2Fportal%2Ftransparencia%2Fnormas-municipales%2Fordenanza-municipal%2F|title:Ordenanzas%20Municipales\u00bb css=\u00bb.vc_custom_1682475999151{margin-top: 10px !important;margin-bottom: 10px !important;border-top-width: 3px !important;border-right-width: 3px !important;border-bottom-width: 3px !important;border-left-width: 3px !important;padding-top: 10px !important;padding-right: 10px !important;padding-bottom: 10px !important;padding-left: 10px !important;background-color: #00a859 !important;border-left-color: #ffffff !important;border-left-style: solid !important;border-right-color: #ffffff !important;border-right-style: solid !important;border-top-color: #ffffff !important;border-top-style: solid !important;border-bottom-color: #ffffff !important;border-bottom-style: solid !important;border-radius: 10px !important;}\u00bb color=\u00bb#ffff00&#8243;][\/vc_column][vc_column width=\u00bb1\/3&#8243; offset=\u00bbvc_col-lg-3&#8243;][csw_icon_picker icon_fontawesome=\u00bbfas fa-book-open\u00bb title=\u00bbLIBRO DE RECLAMACIONES\u00bb title_size=\u00bbh4&#8243; title_color=\u00bb#ffffff\u00bb link=\u00bburl:https%3A%2F%2Fmunikelluyo.gob.pe%2Fportal%2Flibro-reclamaciones%2F|target:_blank\u00bb css=\u00bb.vc_custom_1682457816789{margin-top: 10px !important;margin-bottom: 10px !important;border-top-width: 3px !important;border-right-width: 3px !important;border-bottom-width: 3px !important;border-left-width: 3px !important;padding-top: 10px !important;padding-right: 10px !important;padding-bottom: 10px !important;padding-left: 10px !important;background-color: #00a859 !important;border-left-color: #ffffff !important;border-left-style: solid !important;border-right-color: #ffffff !important;border-right-style: solid !important;border-top-color: #ffffff !important;border-top-style: solid !important;border-bottom-color: #ffffff !important;border-bottom-style: solid !important;border-radius: 10px !important;}\u00bb color=\u00bb#ffff00&#8243;][\/vc_column][vc_column width=\u00bb1\/3&#8243; offset=\u00bbvc_col-lg-3&#8243;][csw_icon_picker icon_fontawesome=\u00bbfas fa-users\u00bb title=\u00bbCONVOCATORIAS\u00bb title_size=\u00bbh4&#8243; text=\u00bbProcesos CAS\/CAP Suplencias\u00bb title_color=\u00bb#ffffff\u00bb link=\u00bburl:https%3A%2F%2Fmunikelluyo.gob.pe%2Fportal%2Fconvocatorias-cas%2F\u00bb css=\u00bb.vc_custom_1694834725819{margin-top: 10px !important;margin-bottom: 10px !important;border-top-width: 3px !important;border-right-width: 3px !important;border-bottom-width: 3px !important;border-left-width: 3px !important;padding-top: 10px !important;padding-right: 10px !important;padding-bottom: 10px !important;padding-left: 10px !important;background-color: #00a859 !important;border-left-color: #ffffff !important;border-left-style: solid !important;border-right-color: #ffffff !important;border-right-style: solid !important;border-top-color: #ffffff !important;border-top-style: solid !important;border-bottom-color: #ffffff !important;border-bottom-style: solid !important;border-radius: 10px !important;}\u00bb color=\u00bb#ffff00&#8243; text_color=\u00bb#efefef\u00bb][\/vc_column][\/vc_row][\/vc_section][vc_row][vc_column]<iframe class=\"wonderplugin-pdf-iframe\" src=\"https:\/\/munikelluyo.gob.pe\/portal\/wp-content\/plugins\/wonderplugin-pdf-embed\/pdfjs\/web\/viewer.html?v=2&disabledownload=1&disableprint=1&disabletext=1&disabledoc=1&disableopenfile=1&externallinktarget=2&file=https:\/\/munikelluyo.gob.pe\/portal\/wp-content\/uploads\/2025\/05\/Programa-Kelluyo-2025.pdf\"><\/iframe>[\/vc_column][\/vc_row][vc_section css=\u00bb.vc_custom_1679507553891{background-color: #ffffff !important;}\u00bb][vc_row][vc_column width=\u00bb2\/3&#8243;][vc_row_inner][vc_column_inner width=\u00bb2\/3&#8243;][vc_custom_heading text=\u00bbPUBLICACIONES RECIENTES\u00bb font_container=\u00bbtag:h2|text_align:left|color:%23000000&#8243; use_theme_fonts=\u00bbyes\u00bb css=\u00bb.vc_custom_1682484331322{margin-bottom: 0px !important;padding-top: 10px !important;padding-right: 10px !important;padding-bottom: 6px !important;padding-left: 10px !important;background-color: #ffff00 !important;border-radius: 5px !important;}\u00bb el_class=\u00bbfont-700&#8243;][\/vc_column_inner][vc_column_inner width=\u00bb1\/3&#8243;][vc_btn title=\u00bbVER TODO\u00bb shape=\u00bbround\u00bb color=\u00bbgreen\u00bb align=\u00bbright\u00bb i_align=\u00bbright\u00bb i_icon_fontawesome=\u00bbfas fa-hand-point-right\u00bb add_icon=\u00bbtrue\u00bb link=\u00bburl:https%3A%2F%2Fmunikelluyo.gob.pe%2Fportal%2Fpublicaciones%2F|title:Publicaciones\u00bb css=\u00bb.vc_custom_1682484242776{margin-bottom: 0px !important;}\u00bb][\/vc_column_inner][\/vc_row_inner][csw_tour_type_grid post_type=\u00bbpost\u00bb max_posts=\u00bb6&#8243; caption_position=\u00bbrelative\u00bb caption=\u00bbtrue\u00bb caption_description=\u00bbtrue\u00bb button_more=\u00bbtrue\u00bb button_label_more=\u00bbVer m\u00e1s\u00bb width=\u00bb1\/2&#8243; column_bg_color=\u00bb#00a859&#8243;][\/vc_column][vc_column width=\u00bb1\/3&#8243; el_class=\u00bbsidebar\u00bb][vc_widget_sidebar sidebar_id=\u00bbwidget-whome\u00bb][\/vc_column][\/vc_row][\/vc_section]<\/section>","protected":false},"excerpt":{"rendered":"[vc_row full_width=\u00bbstretch_row_content_no_spaces\u00bb][vc_column][csw_banner_slider animation=\u00bbcarousel-fade\u00bb][csw_banner_slider_child image=\u00bb430&#8243; btn_color=\u00bb#080e26&#8243;][\/csw_banner_slider_child][csw_banner_slider_child image=\u00bb371&#8243; btn_color=\u00bb#080e26&#8243;][\/csw_banner_slider_child][csw_banner_slider_child image=\u00bb25&#8243; title=\u00bbPLAZA DE ARMAS\u00bb btn_color=\u00bb#080e26&#8243;]Plaza principal del Distrito de Kelluyo[\/csw_banner_slider_child][csw_banner_slider_child image=\u00bb24&#8243; title=\u00bbCHULLPAS DE KELLUYO\u00bb btn_color=\u00bb#080e26&#8243;]Torres funerarias pre-incas, una de los principales atractivos tur\u00edsticos[\/csw_banner_slider_child][\/csw_banner_slider][\/vc_column][\/vc_row][vc_section][vc_row equal_height=\u00bbyes\u00bb content_placement=\u00bbmiddle\u00bb el_class=\u00bbcolumn-icons\u00bb][vc_column width=\u00bb1\/3&#8243; offset=\u00bbvc_col-lg-3&#8243;][csw_icon_picker icon_fontawesome=\u00bbfas fa-laptop-code\u00bb title=\u00bbMESA DE PARTES VIRTUAL\u00bb title_size=\u00bbh4&#8243; title_color=\u00bb#ffffff\u00bb link=\u00bburl:mailto%3Amesadepartesvirtual%40munikelluyo.gob.pe\u00bb css=\u00bb.vc_custom_1682539067522{margin-top: 10px !important;margin-bottom: 10px !important;border-top-width: 3px !important;border-right-width: 3px !important;border-bottom-width: 3px !important;border-left-width: [&hellip;]","protected":false},"author":1,"featured_media":25,"parent":0,"menu_order":1,"comment_status":"closed","ping_status":"closed","template":"","meta":{"footnotes":""},"class_list":["post-2","page","type-page","status-publish","has-post-thumbnail","hentry"],"yoast_head":"<!-- This site is optimized with the Yoast SEO plugin v20.6 - https:\/\/yoast.com\/wordpress\/plugins\/seo\/ -->\n<title>MUNI KELLUYO - Municipalidad Distrital de Kelluyo, Chucuito, Puno<\/title>\n<meta name=\"description\" content=\"Distrito situado en el extremo oriental, pr\u00f3ximo al lago Titicaca, en su lago m\u00e1s peque\u00f1o llamado Menor o Hui\u00f1amarca y fronterizo con Bolivia \u00b4formando la divisoria el r\u00edo Desaguadero en la laguna Aguallamaya.\" \/>\n<meta name=\"robots\" content=\"index, follow, max-snippet:-1, max-image-preview:large, max-video-preview:-1\" \/>\n<link rel=\"canonical\" href=\"https:\/\/munikelluyo.gob.pe\/portal\/\" \/>\n<meta property=\"og:locale\" content=\"es_ES\" \/>\n<meta property=\"og:type\" content=\"article\" \/>\n<meta property=\"og:title\" content=\"MUNI KELLUYO - Municipalidad Distrital de Kelluyo, Chucuito, Puno\" \/>\n<meta property=\"og:description\" content=\"Distrito situado en el extremo oriental, pr\u00f3ximo al lago Titicaca, en su lago m\u00e1s peque\u00f1o llamado Menor o Hui\u00f1amarca y fronterizo con Bolivia \u00b4formando la divisoria el r\u00edo Desaguadero en la laguna Aguallamaya.\" \/>\n<meta property=\"og:url\" content=\"https:\/\/munikelluyo.gob.pe\/portal\/\" \/>\n<meta property=\"og:site_name\" content=\"MUNICIPALIDAD DE KELLUYO\" \/>\n<meta property=\"article:modified_time\" content=\"2025-09-09T21:23:00+00:00\" \/>\n<meta property=\"og:image\" content=\"https:\/\/munikelluyo.gob.pe\/portal\/wp-content\/uploads\/2023\/03\/plaza-armas-kelluyo.jpg\" \/>\n\t<meta property=\"og:image:width\" content=\"1920\" \/>\n\t<meta property=\"og:image:height\" content=\"945\" \/>\n\t<meta property=\"og:image:type\" content=\"image\/jpeg\" \/>\n<meta name=\"twitter:card\" content=\"summary_large_image\" \/>\n<meta name=\"twitter:label1\" content=\"Tiempo de lectura\" \/>\n\t<meta name=\"twitter:data1\" content=\"3 minutos\" \/>\n<script type=\"application\/ld+json\" class=\"yoast-schema-graph\">{\"@context\":\"https:\/\/schema.org\",\"@graph\":[{\"@type\":\"WebPage\",\"@id\":\"https:\/\/munikelluyo.gob.pe\/portal\/\",\"url\":\"https:\/\/munikelluyo.gob.pe\/portal\/\",\"name\":\"MUNI KELLUYO - Municipalidad Distrital de Kelluyo, Chucuito, Puno\",\"isPartOf\":{\"@id\":\"https:\/\/munikelluyo.gob.pe\/portal\/#website\"},\"datePublished\":\"2023-03-15T18:02:04+00:00\",\"dateModified\":\"2025-09-09T21:23:00+00:00\",\"description\":\"Distrito situado en el extremo oriental, pr\u00f3ximo al lago Titicaca, en su lago m\u00e1s peque\u00f1o llamado Menor o Hui\u00f1amarca y fronterizo con Bolivia \u00b4formando la divisoria el r\u00edo Desaguadero en la laguna Aguallamaya.\",\"breadcrumb\":{\"@id\":\"https:\/\/munikelluyo.gob.pe\/portal\/#breadcrumb\"},\"inLanguage\":\"es\",\"potentialAction\":[{\"@type\":\"ReadAction\",\"target\":[\"https:\/\/munikelluyo.gob.pe\/portal\/\"]}]},{\"@type\":\"BreadcrumbList\",\"@id\":\"https:\/\/munikelluyo.gob.pe\/portal\/#breadcrumb\",\"itemListElement\":[{\"@type\":\"ListItem\",\"position\":1,\"name\":\"Portada\",\"item\":\"https:\/\/munikelluyo.gob.pe\/portal\/\"},{\"@type\":\"ListItem\",\"position\":2,\"name\":\"Inicio\"}]},{\"@type\":\"WebSite\",\"@id\":\"https:\/\/munikelluyo.gob.pe\/portal\/#website\",\"url\":\"https:\/\/munikelluyo.gob.pe\/portal\/\",\"name\":\"MUNICIPALIDAD DE KELLUYO\",\"description\":\"\",\"publisher\":{\"@id\":\"https:\/\/munikelluyo.gob.pe\/portal\/#organization\"},\"potentialAction\":[{\"@type\":\"SearchAction\",\"target\":{\"@type\":\"EntryPoint\",\"urlTemplate\":\"https:\/\/munikelluyo.gob.pe\/portal\/?s={search_term_string}\"},\"query-input\":\"required name=search_term_string\"}],\"inLanguage\":\"es\"},{\"@type\":\"Organization\",\"@id\":\"https:\/\/munikelluyo.gob.pe\/portal\/#organization\",\"name\":\"MUNICIPALIDAD DE KELLUYO\",\"url\":\"https:\/\/munikelluyo.gob.pe\/portal\/\",\"logo\":{\"@type\":\"ImageObject\",\"inLanguage\":\"es\",\"@id\":\"https:\/\/munikelluyo.gob.pe\/portal\/#\/schema\/logo\/image\/\",\"url\":\"https:\/\/munikelluyo.gob.pe\/portal\/wp-content\/uploads\/2023\/03\/escudo-kelluyo.png\",\"contentUrl\":\"https:\/\/munikelluyo.gob.pe\/portal\/wp-content\/uploads\/2023\/03\/escudo-kelluyo.png\",\"width\":512,\"height\":512,\"caption\":\"MUNICIPALIDAD DE KELLUYO\"},\"image\":{\"@id\":\"https:\/\/munikelluyo.gob.pe\/portal\/#\/schema\/logo\/image\/\"}}]}<\/script>\n<!-- \/ Yoast SEO plugin. -->","yoast_head_json":{"title":"MUNI KELLUYO - Municipalidad Distrital de Kelluyo, Chucuito, Puno","description":"Distrito situado en el extremo oriental, pr\u00f3ximo al lago Titicaca, en su lago m\u00e1s peque\u00f1o llamado Menor o Hui\u00f1amarca y fronterizo con Bolivia \u00b4formando la divisoria el r\u00edo Desaguadero en la laguna Aguallamaya.","robots":{"index":"index","follow":"follow","max-snippet":"max-snippet:-1","max-image-preview":"max-image-preview:large","max-video-preview":"max-video-preview:-1"},"canonical":"https:\/\/munikelluyo.gob.pe\/portal\/","og_locale":"es_ES","og_type":"article","og_title":"MUNI KELLUYO - Municipalidad Distrital de Kelluyo, Chucuito, Puno","og_description":"Distrito situado en el extremo oriental, pr\u00f3ximo al lago Titicaca, en su lago m\u00e1s peque\u00f1o llamado Menor o Hui\u00f1amarca y fronterizo con Bolivia \u00b4formando la divisoria el r\u00edo Desaguadero en la laguna Aguallamaya.","og_url":"https:\/\/munikelluyo.gob.pe\/portal\/","og_site_name":"MUNICIPALIDAD DE KELLUYO","article_modified_time":"2025-09-09T21:23:00+00:00","og_image":[{"width":1920,"height":945,"url":"https:\/\/munikelluyo.gob.pe\/portal\/wp-content\/uploads\/2023\/03\/plaza-armas-kelluyo.jpg","type":"image\/jpeg"}],"twitter_card":"summary_large_image","twitter_misc":{"Tiempo de lectura":"3 minutos"},"schema":{"@context":"https:\/\/schema.org","@graph":[{"@type":"WebPage","@id":"https:\/\/munikelluyo.gob.pe\/portal\/","url":"https:\/\/munikelluyo.gob.pe\/portal\/","name":"MUNI KELLUYO - Municipalidad Distrital de Kelluyo, Chucuito, Puno","isPartOf":{"@id":"https:\/\/munikelluyo.gob.pe\/portal\/#website"},"datePublished":"2023-03-15T18:02:04+00:00","dateModified":"2025-09-09T21:23:00+00:00","description":"Distrito situado en el extremo oriental, pr\u00f3ximo al lago Titicaca, en su lago m\u00e1s peque\u00f1o llamado Menor o Hui\u00f1amarca y fronterizo con Bolivia \u00b4formando la divisoria el r\u00edo Desaguadero en la laguna Aguallamaya.","breadcrumb":{"@id":"https:\/\/munikelluyo.gob.pe\/portal\/#breadcrumb"},"inLanguage":"es","potentialAction":[{"@type":"ReadAction","target":["https:\/\/munikelluyo.gob.pe\/portal\/"]}]},{"@type":"BreadcrumbList","@id":"https:\/\/munikelluyo.gob.pe\/portal\/#breadcrumb","itemListElement":[{"@type":"ListItem","position":1,"name":"Portada","item":"https:\/\/munikelluyo.gob.pe\/portal\/"},{"@type":"ListItem","position":2,"name":"Inicio"}]},{"@type":"WebSite","@id":"https:\/\/munikelluyo.gob.pe\/portal\/#website","url":"https:\/\/munikelluyo.gob.pe\/portal\/","name":"MUNICIPALIDAD DE KELLUYO","description":"","publisher":{"@id":"https:\/\/munikelluyo.gob.pe\/portal\/#organization"},"potentialAction":[{"@type":"SearchAction","target":{"@type":"EntryPoint","urlTemplate":"https:\/\/munikelluyo.gob.pe\/portal\/?s={search_term_string}"},"query-input":"required name=search_term_string"}],"inLanguage":"es"},{"@type":"Organization","@id":"https:\/\/munikelluyo.gob.pe\/portal\/#organization","name":"MUNICIPALIDAD DE KELLUYO","url":"https:\/\/munikelluyo.gob.pe\/portal\/","logo":{"@type":"ImageObject","inLanguage":"es","@id":"https:\/\/munikelluyo.gob.pe\/portal\/#\/schema\/logo\/image\/","url":"https:\/\/munikelluyo.gob.pe\/portal\/wp-content\/uploads\/2023\/03\/escudo-kelluyo.png","contentUrl":"https:\/\/munikelluyo.gob.pe\/portal\/wp-content\/uploads\/2023\/03\/escudo-kelluyo.png","width":512,"height":512,"caption":"MUNICIPALIDAD DE KELLUYO"},"image":{"@id":"https:\/\/munikelluyo.gob.pe\/portal\/#\/schema\/logo\/image\/"}}]}},"_links":{"self":[{"href":"https:\/\/munikelluyo.gob.pe\/portal\/wp-json\/wp\/v2\/pages\/2","targetHints":{"allow":["GET"]}}],"collection":[{"href":"https:\/\/munikelluyo.gob.pe\/portal\/wp-json\/wp\/v2\/pages"}],"about":[{"href":"https:\/\/munikelluyo.gob.pe\/portal\/wp-json\/wp\/v2\/types\/page"}],"author":[{"embeddable":true,"href":"https:\/\/munikelluyo.gob.pe\/portal\/wp-json\/wp\/v2\/users\/1"}],"replies":[{"embeddable":true,"href":"https:\/\/munikelluyo.gob.pe\/portal\/wp-json\/wp\/v2\/comments?post=2"}],"version-history":[{"count":13,"href":"https:\/\/munikelluyo.gob.pe\/portal\/wp-json\/wp\/v2\/pages\/2\/revisions"}],"predecessor-version":[{"id":431,"href":"https:\/\/munikelluyo.gob.pe\/portal\/wp-json\/wp\/v2\/pages\/2\/revisions\/431"}],"wp:featuredmedia":[{"embeddable":true,"href":"https:\/\/munikelluyo.gob.pe\/portal\/wp-json\/wp\/v2\/media\/25"}],"wp:attachment":[{"href":"https:\/\/munikelluyo.gob.pe\/portal\/wp-json\/wp\/v2\/media?parent=2"}],"curies":[{"name":"wp","href":"https:\/\/api.w.org\/{rel}","templated":true}]}}