{"id":467,"date":"2025-12-30T09:40:00","date_gmt":"2025-12-30T14:40:00","guid":{"rendered":"https:\/\/munikelluyo.gob.pe\/portal\/?page_id=467"},"modified":"2025-12-30T09:47:32","modified_gmt":"2025-12-30T14:47:32","slug":"pei-plan-estrategico-institucional","status":"publish","type":"page","link":"https:\/\/munikelluyo.gob.pe\/portal\/pei-plan-estrategico-institucional\/","title":{"rendered":"(PEI) Plan Estrat\u00e9gico Institucional."},"content":{"rendered":"<section class=\"wpb-content-wrapper\">[vc_row css=\u00bb.vc_custom_1767105816590{padding-top: 50px !important;padding-bottom: 50px !important;}\u00bb][vc_column width=\u00bb1\/6&#8243;][\/vc_column][vc_column width=\u00bb2\/3&#8243;][vc_custom_heading text=\u00bbPlan Estrat\u00e9gico Institucional 2026 (PEI)\u00bb font_container=\u00bbtag:h2|text_align:center\u00bb][vc_column_text]<strong data-start=\"77\" data-end=\"118\">Plan Estrat\u00e9gico Institucional (PEI):<\/strong><br data-start=\"118\" data-end=\"121\" \/>Es el instrumento de gesti\u00f3n que orienta el accionar de la municipalidad a mediano plazo, definiendo sus objetivos estrat\u00e9gicos, acciones y metas, alineados a las pol\u00edticas nacionales y al desarrollo del territorio, con el fin de brindar mejores servicios a la ciudadan\u00eda.[\/vc_column_text][vc_btn title=\u00bbPlan Estrat\u00e9gico Institucional (PEI):\u00bb align=\u00bbcenter\u00bb link=\u00bburl:https%3A%2F%2Fmunikelluyo.gob.pe%2Fportal%2Fwp-content%2Fuploads%2F2025%2F12%2FPEI-2026-2030-KELLUYO_compressed-1.pdf\u00bb][\/vc_column][vc_column width=\u00bb1\/6&#8243;][\/vc_column][\/vc_row]<\/section>","protected":false},"excerpt":{"rendered":"[vc_row css=\u00bb.vc_custom_1767105816590{padding-top: 50px !important;padding-bottom: 50px !important;}\u00bb][vc_column width=\u00bb1\/6&#8243;][\/vc_column][vc_column width=\u00bb2\/3&#8243;][vc_custom_heading text=\u00bbPlan Estrat\u00e9gico Institucional 2026 (PEI)\u00bb font_container=\u00bbtag:h2|text_align:center\u00bb][vc_column_text]Plan Estrat\u00e9gico Institucional (PEI):Es el instrumento de gesti\u00f3n que orienta el accionar de la municipalidad a mediano plazo, definiendo sus objetivos estrat\u00e9gicos, acciones y metas, alineados a las pol\u00edticas nacionales y al desarrollo del territorio, con el fin de brindar mejores servicios [&hellip;]","protected":false},"author":2,"featured_media":0,"parent":0,"menu_order":0,"comment_status":"closed","ping_status":"closed","template":"","meta":{"footnotes":""},"class_list":["post-467","page","type-page","status-publish","hentry"],"yoast_head":"<!-- This site is optimized with the Yoast SEO plugin v20.6 - https:\/\/yoast.com\/wordpress\/plugins\/seo\/ -->\n<title>(PEI) Plan Estrat\u00e9gico Institucional. - MUNICIPALIDAD DE KELLUYO<\/title>\n<meta name=\"robots\" content=\"index, follow, max-snippet:-1, max-image-preview:large, max-video-preview:-1\" \/>\n<link rel=\"canonical\" href=\"https:\/\/munikelluyo.gob.pe\/portal\/pei-plan-estrategico-institucional\/\" \/>\n<meta property=\"og:locale\" content=\"es_ES\" \/>\n<meta property=\"og:type\" content=\"article\" \/>\n<meta property=\"og:title\" content=\"(PEI) Plan Estrat\u00e9gico Institucional. - MUNICIPALIDAD DE KELLUYO\" \/>\n<meta property=\"og:description\" content=\"[vc_row css=\u00bb.vc_custom_1767105816590{padding-top: 50px !important;padding-bottom: 50px !important;}\u00bb][vc_column width=\u00bb1\/6&#8243;][\/vc_column][vc_column width=\u00bb2\/3&#8243;][vc_custom_heading text=\u00bbPlan Estrat\u00e9gico Institucional 2026 (PEI)\u00bb font_container=\u00bbtag:h2|text_align:center\u00bb][vc_column_text]Plan Estrat\u00e9gico Institucional (PEI):Es el instrumento de gesti\u00f3n que orienta el accionar de la municipalidad a mediano plazo, definiendo sus objetivos estrat\u00e9gicos, acciones y metas, alineados a las pol\u00edticas nacionales y al desarrollo del territorio, con el fin de brindar mejores servicios [&hellip;]\" \/>\n<meta property=\"og:url\" content=\"https:\/\/munikelluyo.gob.pe\/portal\/pei-plan-estrategico-institucional\/\" \/>\n<meta property=\"og:site_name\" content=\"MUNICIPALIDAD DE KELLUYO\" \/>\n<meta property=\"article:modified_time\" content=\"2025-12-30T14:47:32+00:00\" \/>\n<meta name=\"twitter:card\" content=\"summary_large_image\" \/>\n<meta name=\"twitter:label1\" content=\"Tiempo de lectura\" \/>\n\t<meta name=\"twitter:data1\" content=\"1 minuto\" \/>\n<script type=\"application\/ld+json\" class=\"yoast-schema-graph\">{\"@context\":\"https:\/\/schema.org\",\"@graph\":[{\"@type\":\"WebPage\",\"@id\":\"https:\/\/munikelluyo.gob.pe\/portal\/pei-plan-estrategico-institucional\/\",\"url\":\"https:\/\/munikelluyo.gob.pe\/portal\/pei-plan-estrategico-institucional\/\",\"name\":\"(PEI) Plan Estrat\u00e9gico Institucional. - MUNICIPALIDAD DE KELLUYO\",\"isPartOf\":{\"@id\":\"https:\/\/munikelluyo.gob.pe\/portal\/#website\"},\"datePublished\":\"2025-12-30T14:40:00+00:00\",\"dateModified\":\"2025-12-30T14:47:32+00:00\",\"breadcrumb\":{\"@id\":\"https:\/\/munikelluyo.gob.pe\/portal\/pei-plan-estrategico-institucional\/#breadcrumb\"},\"inLanguage\":\"es\",\"potentialAction\":[{\"@type\":\"ReadAction\",\"target\":[\"https:\/\/munikelluyo.gob.pe\/portal\/pei-plan-estrategico-institucional\/\"]}]},{\"@type\":\"BreadcrumbList\",\"@id\":\"https:\/\/munikelluyo.gob.pe\/portal\/pei-plan-estrategico-institucional\/#breadcrumb\",\"itemListElement\":[{\"@type\":\"ListItem\",\"position\":1,\"name\":\"Portada\",\"item\":\"https:\/\/munikelluyo.gob.pe\/portal\/\"},{\"@type\":\"ListItem\",\"position\":2,\"name\":\"(PEI) Plan Estrat\u00e9gico Institucional.\"}]},{\"@type\":\"WebSite\",\"@id\":\"https:\/\/munikelluyo.gob.pe\/portal\/#website\",\"url\":\"https:\/\/munikelluyo.gob.pe\/portal\/\",\"name\":\"MUNICIPALIDAD DE KELLUYO\",\"description\":\"\",\"publisher\":{\"@id\":\"https:\/\/munikelluyo.gob.pe\/portal\/#organization\"},\"potentialAction\":[{\"@type\":\"SearchAction\",\"target\":{\"@type\":\"EntryPoint\",\"urlTemplate\":\"https:\/\/munikelluyo.gob.pe\/portal\/?s={search_term_string}\"},\"query-input\":\"required name=search_term_string\"}],\"inLanguage\":\"es\"},{\"@type\":\"Organization\",\"@id\":\"https:\/\/munikelluyo.gob.pe\/portal\/#organization\",\"name\":\"MUNICIPALIDAD DE KELLUYO\",\"url\":\"https:\/\/munikelluyo.gob.pe\/portal\/\",\"logo\":{\"@type\":\"ImageObject\",\"inLanguage\":\"es\",\"@id\":\"https:\/\/munikelluyo.gob.pe\/portal\/#\/schema\/logo\/image\/\",\"url\":\"https:\/\/munikelluyo.gob.pe\/portal\/wp-content\/uploads\/2023\/03\/escudo-kelluyo.png\",\"contentUrl\":\"https:\/\/munikelluyo.gob.pe\/portal\/wp-content\/uploads\/2023\/03\/escudo-kelluyo.png\",\"width\":512,\"height\":512,\"caption\":\"MUNICIPALIDAD DE KELLUYO\"},\"image\":{\"@id\":\"https:\/\/munikelluyo.gob.pe\/portal\/#\/schema\/logo\/image\/\"}}]}<\/script>\n<!-- \/ Yoast SEO plugin. -->","yoast_head_json":{"title":"(PEI) Plan Estrat\u00e9gico Institucional. - MUNICIPALIDAD DE KELLUYO","robots":{"index":"index","follow":"follow","max-snippet":"max-snippet:-1","max-image-preview":"max-image-preview:large","max-video-preview":"max-video-preview:-1"},"canonical":"https:\/\/munikelluyo.gob.pe\/portal\/pei-plan-estrategico-institucional\/","og_locale":"es_ES","og_type":"article","og_title":"(PEI) Plan Estrat\u00e9gico Institucional. - MUNICIPALIDAD DE KELLUYO","og_description":"[vc_row css=\u00bb.vc_custom_1767105816590{padding-top: 50px !important;padding-bottom: 50px !important;}\u00bb][vc_column width=\u00bb1\/6&#8243;][\/vc_column][vc_column width=\u00bb2\/3&#8243;][vc_custom_heading text=\u00bbPlan Estrat\u00e9gico Institucional 2026 (PEI)\u00bb font_container=\u00bbtag:h2|text_align:center\u00bb][vc_column_text]Plan Estrat\u00e9gico Institucional (PEI):Es el instrumento de gesti\u00f3n que orienta el accionar de la municipalidad a mediano plazo, definiendo sus objetivos estrat\u00e9gicos, acciones y metas, alineados a las pol\u00edticas nacionales y al desarrollo del territorio, con el fin de brindar mejores servicios [&hellip;]","og_url":"https:\/\/munikelluyo.gob.pe\/portal\/pei-plan-estrategico-institucional\/","og_site_name":"MUNICIPALIDAD DE KELLUYO","article_modified_time":"2025-12-30T14:47:32+00:00","twitter_card":"summary_large_image","twitter_misc":{"Tiempo de lectura":"1 minuto"},"schema":{"@context":"https:\/\/schema.org","@graph":[{"@type":"WebPage","@id":"https:\/\/munikelluyo.gob.pe\/portal\/pei-plan-estrategico-institucional\/","url":"https:\/\/munikelluyo.gob.pe\/portal\/pei-plan-estrategico-institucional\/","name":"(PEI) Plan Estrat\u00e9gico Institucional. - MUNICIPALIDAD DE KELLUYO","isPartOf":{"@id":"https:\/\/munikelluyo.gob.pe\/portal\/#website"},"datePublished":"2025-12-30T14:40:00+00:00","dateModified":"2025-12-30T14:47:32+00:00","breadcrumb":{"@id":"https:\/\/munikelluyo.gob.pe\/portal\/pei-plan-estrategico-institucional\/#breadcrumb"},"inLanguage":"es","potentialAction":[{"@type":"ReadAction","target":["https:\/\/munikelluyo.gob.pe\/portal\/pei-plan-estrategico-institucional\/"]}]},{"@type":"BreadcrumbList","@id":"https:\/\/munikelluyo.gob.pe\/portal\/pei-plan-estrategico-institucional\/#breadcrumb","itemListElement":[{"@type":"ListItem","position":1,"name":"Portada","item":"https:\/\/munikelluyo.gob.pe\/portal\/"},{"@type":"ListItem","position":2,"name":"(PEI) Plan Estrat\u00e9gico Institucional."}]},{"@type":"WebSite","@id":"https:\/\/munikelluyo.gob.pe\/portal\/#website","url":"https:\/\/munikelluyo.gob.pe\/portal\/","name":"MUNICIPALIDAD DE KELLUYO","description":"","publisher":{"@id":"https:\/\/munikelluyo.gob.pe\/portal\/#organization"},"potentialAction":[{"@type":"SearchAction","target":{"@type":"EntryPoint","urlTemplate":"https:\/\/munikelluyo.gob.pe\/portal\/?s={search_term_string}"},"query-input":"required name=search_term_string"}],"inLanguage":"es"},{"@type":"Organization","@id":"https:\/\/munikelluyo.gob.pe\/portal\/#organization","name":"MUNICIPALIDAD DE KELLUYO","url":"https:\/\/munikelluyo.gob.pe\/portal\/","logo":{"@type":"ImageObject","inLanguage":"es","@id":"https:\/\/munikelluyo.gob.pe\/portal\/#\/schema\/logo\/image\/","url":"https:\/\/munikelluyo.gob.pe\/portal\/wp-content\/uploads\/2023\/03\/escudo-kelluyo.png","contentUrl":"https:\/\/munikelluyo.gob.pe\/portal\/wp-content\/uploads\/2023\/03\/escudo-kelluyo.png","width":512,"height":512,"caption":"MUNICIPALIDAD DE KELLUYO"},"image":{"@id":"https:\/\/munikelluyo.gob.pe\/portal\/#\/schema\/logo\/image\/"}}]}},"_links":{"self":[{"href":"https:\/\/munikelluyo.gob.pe\/portal\/wp-json\/wp\/v2\/pages\/467","targetHints":{"allow":["GET"]}}],"collection":[{"href":"https:\/\/munikelluyo.gob.pe\/portal\/wp-json\/wp\/v2\/pages"}],"about":[{"href":"https:\/\/munikelluyo.gob.pe\/portal\/wp-json\/wp\/v2\/types\/page"}],"author":[{"embeddable":true,"href":"https:\/\/munikelluyo.gob.pe\/portal\/wp-json\/wp\/v2\/users\/2"}],"replies":[{"embeddable":true,"href":"https:\/\/munikelluyo.gob.pe\/portal\/wp-json\/wp\/v2\/comments?post=467"}],"version-history":[{"count":8,"href":"https:\/\/munikelluyo.gob.pe\/portal\/wp-json\/wp\/v2\/pages\/467\/revisions"}],"predecessor-version":[{"id":477,"href":"https:\/\/munikelluyo.gob.pe\/portal\/wp-json\/wp\/v2\/pages\/467\/revisions\/477"}],"wp:attachment":[{"href":"https:\/\/munikelluyo.gob.pe\/portal\/wp-json\/wp\/v2\/media?parent=467"}],"curies":[{"name":"wp","href":"https:\/\/api.w.org\/{rel}","templated":true}]}}